{"id":205,"date":"2023-09-20T11:52:46","date_gmt":"2023-09-20T11:52:46","guid":{"rendered":"https:\/\/cyatributos.es\/?page_id=205"},"modified":"2023-10-26T08:09:09","modified_gmt":"2023-10-26T08:09:09","slug":"revision-de-elementos-tributarios","status":"publish","type":"page","link":"https:\/\/cyatributos.es\/?page_id=205","title":{"rendered":"Pliegos"},"content":{"rendered":"\t\t<div data-elementor-type=\"wp-page\" data-elementor-id=\"205\" class=\"elementor elementor-205\">\n\t\t\t\t<div class=\"elementor-element elementor-element-4a677a0c e-flex e-con-boxed e-con e-parent\" data-id=\"4a677a0c\" data-element_type=\"container\">\n\t\t\t\t\t<div class=\"e-con-inner\">\n\t\t\t\t<div class=\"elementor-element elementor-element-a310313 elementor-invisible elementor-widget elementor-widget-image\" data-id=\"a310313\" data-element_type=\"widget\" data-settings=\"{&quot;_animation&quot;:&quot;fadeIn&quot;}\" data-widget_type=\"image.default\">\n\t\t\t\t<div class=\"elementor-widget-container\">\n\t\t\t\t\t\t\t\t\t\t\t\t\t\t\t<img fetchpriority=\"high\" decoding=\"async\" width=\"300\" height=\"200\" src=\"https:\/\/cyatributos.es\/wp-content\/uploads\/2023\/10\/hand-3542423_1280-300x200.jpg\" class=\"attachment-medium size-medium wp-image-322\" alt=\"\" srcset=\"https:\/\/cyatributos.es\/wp-content\/uploads\/2023\/10\/hand-3542423_1280-300x200.jpg 300w, https:\/\/cyatributos.es\/wp-content\/uploads\/2023\/10\/hand-3542423_1280-1024x682.jpg 1024w, https:\/\/cyatributos.es\/wp-content\/uploads\/2023\/10\/hand-3542423_1280-768x512.jpg 768w, https:\/\/cyatributos.es\/wp-content\/uploads\/2023\/10\/hand-3542423_1280-200x133.jpg 200w, https:\/\/cyatributos.es\/wp-content\/uploads\/2023\/10\/hand-3542423_1280.jpg 1280w\" sizes=\"(max-width: 300px) 100vw, 300px\" \/>\t\t\t\t\t\t\t\t\t\t\t\t\t\t\t<\/div>\n\t\t\t\t<\/div>\n\t\t\t\t<div class=\"elementor-element elementor-element-7e4f32e2 elementor-widget elementor-widget-text-editor\" data-id=\"7e4f32e2\" data-element_type=\"widget\" data-widget_type=\"text-editor.default\">\n\t\t\t\t<div class=\"elementor-widget-container\">\n\t\t\t\t\t\t\t\t\t<p><\/p>\n<p>Redacci\u00f3n de pliegos de clausulas administrativas y t\u00e9cnicas para contratos de obras, suministros y servicios en la administraci\u00f3n p\u00fablica.<\/p>\n<p>Asistencia en todo el procedimiento de contrataci\u00f3n, elaboraci\u00f3n de informes, memorias y acompa\u00f1amiento en mesa de contrataci\u00f3n.<\/p>\n<p><\/p>\t\t\t\t\t\t\t\t<\/div>\n\t\t\t\t<\/div>\n\t\t\t\t\t<\/div>\n\t\t\t\t<\/div>\n\t\t<div class=\"elementor-element elementor-element-baf9e52 e-flex e-con-boxed e-con e-parent\" data-id=\"baf9e52\" data-element_type=\"container\">\n\t\t\t\t\t<div class=\"e-con-inner\">\n\t\t\t\t\t<\/div>\n\t\t\t\t<\/div>\n\t\t<div class=\"elementor-element elementor-element-32f6178 e-flex e-con-boxed e-con e-parent\" data-id=\"32f6178\" data-element_type=\"container\">\n\t\t\t\t\t<div class=\"e-con-inner\">\n\t\t\t\t<div class=\"elementor-element elementor-element-fc6f68a elementor-invisible elementor-widget elementor-widget-image\" data-id=\"fc6f68a\" data-element_type=\"widget\" data-settings=\"{&quot;_animation&quot;:&quot;bounceInLeft&quot;}\" data-widget_type=\"image.default\">\n\t\t\t\t<div class=\"elementor-widget-container\">\n\t\t\t\t\t\t\t\t\t\t\t\t\t\t\t<img decoding=\"async\" width=\"300\" height=\"200\" src=\"https:\/\/cyatributos.es\/wp-content\/uploads\/2023\/10\/folders-7382940_1280-300x200.jpg\" class=\"attachment-medium size-medium wp-image-323\" alt=\"\" srcset=\"https:\/\/cyatributos.es\/wp-content\/uploads\/2023\/10\/folders-7382940_1280-300x200.jpg 300w, https:\/\/cyatributos.es\/wp-content\/uploads\/2023\/10\/folders-7382940_1280-1024x682.jpg 1024w, https:\/\/cyatributos.es\/wp-content\/uploads\/2023\/10\/folders-7382940_1280-768x512.jpg 768w, https:\/\/cyatributos.es\/wp-content\/uploads\/2023\/10\/folders-7382940_1280-200x133.jpg 200w, https:\/\/cyatributos.es\/wp-content\/uploads\/2023\/10\/folders-7382940_1280.jpg 1280w\" sizes=\"(max-width: 300px) 100vw, 300px\" \/>\t\t\t\t\t\t\t\t\t\t\t\t\t\t\t<\/div>\n\t\t\t\t<\/div>\n\t\t\t\t\t<\/div>\n\t\t\t\t<\/div>\n\t\t\t\t<\/div>\n\t\t","protected":false},"excerpt":{"rendered":"<p>Redacci\u00f3n de pliegos de clausulas administrativas y t\u00e9cnicas para contratos de obras, suministros y servicios en la administraci\u00f3n p\u00fablica. Asistencia en todo el procedimiento de contrataci\u00f3n, elaboraci\u00f3n de informes, memorias y acompa\u00f1amiento en mesa de contrataci\u00f3n.<\/p>\n","protected":false},"author":1,"featured_media":0,"parent":0,"menu_order":0,"comment_status":"closed","ping_status":"closed","template":"","meta":{"om_disable_all_campaigns":false,"_monsterinsights_skip_tracking":false,"_monsterinsights_sitenote_active":false,"_monsterinsights_sitenote_note":"","_monsterinsights_sitenote_category":0,"_uf_show_specific_survey":0,"_uf_disable_surveys":false,"footnotes":""},"class_list":["post-205","page","type-page","status-publish","hentry"],"aioseo_notices":[],"_links":{"self":[{"href":"https:\/\/cyatributos.es\/index.php?rest_route=\/wp\/v2\/pages\/205","targetHints":{"allow":["GET"]}}],"collection":[{"href":"https:\/\/cyatributos.es\/index.php?rest_route=\/wp\/v2\/pages"}],"about":[{"href":"https:\/\/cyatributos.es\/index.php?rest_route=\/wp\/v2\/types\/page"}],"author":[{"embeddable":true,"href":"https:\/\/cyatributos.es\/index.php?rest_route=\/wp\/v2\/users\/1"}],"replies":[{"embeddable":true,"href":"https:\/\/cyatributos.es\/index.php?rest_route=%2Fwp%2Fv2%2Fcomments&post=205"}],"version-history":[{"count":9,"href":"https:\/\/cyatributos.es\/index.php?rest_route=\/wp\/v2\/pages\/205\/revisions"}],"predecessor-version":[{"id":326,"href":"https:\/\/cyatributos.es\/index.php?rest_route=\/wp\/v2\/pages\/205\/revisions\/326"}],"wp:attachment":[{"href":"https:\/\/cyatributos.es\/index.php?rest_route=%2Fwp%2Fv2%2Fmedia&parent=205"}],"curies":[{"name":"wp","href":"https:\/\/api.w.org\/{rel}","templated":true}]}}