{"id":184,"date":"2023-09-20T10:20:19","date_gmt":"2023-09-20T10:20:19","guid":{"rendered":"https:\/\/cyatributos.es\/?page_id=184"},"modified":"2023-10-25T12:20:56","modified_gmt":"2023-10-25T12:20:56","slug":"auditorias","status":"publish","type":"page","link":"https:\/\/cyatributos.es\/?page_id=184","title":{"rendered":"Servicios de auditor\u00eda"},"content":{"rendered":"\t\t<div data-elementor-type=\"wp-page\" data-elementor-id=\"184\" class=\"elementor elementor-184\">\n\t\t\t\t<div class=\"elementor-element elementor-element-1c0cac72 e-flex e-con-boxed e-con e-parent\" data-id=\"1c0cac72\" data-element_type=\"container\">\n\t\t\t\t\t<div class=\"e-con-inner\">\n\t\t\t\t<div class=\"elementor-element elementor-element-9836379 elementor-widget__width-initial animated-slow elementor-invisible elementor-widget elementor-widget-image\" data-id=\"9836379\" data-element_type=\"widget\" data-settings=\"{&quot;_animation&quot;:&quot;fadeIn&quot;}\" data-widget_type=\"image.default\">\n\t\t\t\t<div class=\"elementor-widget-container\">\n\t\t\t\t\t\t\t\t\t\t\t\t\t\t\t<img fetchpriority=\"high\" decoding=\"async\" width=\"768\" height=\"452\" src=\"https:\/\/cyatributos.es\/wp-content\/uploads\/2023\/10\/audit-4190944_1920-768x452.jpg\" class=\"attachment-medium_large size-medium_large wp-image-223\" alt=\"\" srcset=\"https:\/\/cyatributos.es\/wp-content\/uploads\/2023\/10\/audit-4190944_1920-768x452.jpg 768w, https:\/\/cyatributos.es\/wp-content\/uploads\/2023\/10\/audit-4190944_1920-300x177.jpg 300w, https:\/\/cyatributos.es\/wp-content\/uploads\/2023\/10\/audit-4190944_1920-1024x603.jpg 1024w, https:\/\/cyatributos.es\/wp-content\/uploads\/2023\/10\/audit-4190944_1920-1536x905.jpg 1536w, https:\/\/cyatributos.es\/wp-content\/uploads\/2023\/10\/audit-4190944_1920-200x118.jpg 200w, https:\/\/cyatributos.es\/wp-content\/uploads\/2023\/10\/audit-4190944_1920.jpg 1920w\" sizes=\"(max-width: 768px) 100vw, 768px\" \/>\t\t\t\t\t\t\t\t\t\t\t\t\t\t\t<\/div>\n\t\t\t\t<\/div>\n\t\t\t\t<div class=\"elementor-element elementor-element-225005ae elementor-widget elementor-widget-text-editor\" data-id=\"225005ae\" data-element_type=\"widget\" data-widget_type=\"text-editor.default\">\n\t\t\t\t<div class=\"elementor-widget-container\">\n\t\t\t\t\t\t\t\t\t<p><\/p>\n<div>\n<p><font color=\"#333333\"><span style=\"font-size: 19.442px;\"><\/span><\/font><\/p>\n<p><font color=\"#333333\"><\/font><\/p>\n<p><font color=\"#333333\"><\/font><\/p>\n<p><font color=\"#333333\"><\/font><\/p>\n<p><font color=\"#333333\"><\/font><\/p>\n<p><font color=\"#333333\"><\/font><\/p>\n<p><font color=\"#333333\"><\/font><\/p>\n<p><font color=\"#333333\"><\/font><\/p>\n<p><font color=\"#333333\"><\/font><\/p>\n<p><font color=\"#333333\"><\/font><\/p>\n<p><font color=\"#333333\"><\/font><\/p>\n<p><font color=\"#333333\"><\/font><\/p><font color=\"#333333\">\n<h5><b><u>LA AUDITORIA EN EL<br><\/u><\/b><b><u>SECTOR P\u00daBLICO<\/u><\/b><\/h5>\n<div><br><\/div>\n<div>El Tribunal de Cuentas (\u00d3rgano de control externo) realiza tres tipos de auditor\u00edas: fiscalizaci\u00f3n de cumplimiento, fiscalizaci\u00f3n financiera y fiscalizaci\u00f3n operativa o de gesti\u00f3n.<\/div>\n<div><br><\/div>\n<div>La IGAE (\u00d3rgano de control interno estatal) realiza auditor\u00eda de regularidad contable, auditor\u00eda de cumplimiento y auditor\u00eda operativa.<\/div>\n<div>En consecuencia, tanto la auditor\u00eda realizada por el \u00f3rgano de control interno como la realizada por el \u00f3rgano de control externo, puede ejercerse mediante las tres modalidades de auditor\u00eda, bien con el empleo de sus propios medios o mediante la colaboraci\u00f3n con compa\u00f1\u00edas de auditor\u00eda del sector privado<\/div>\n<div>\n<div><span style=\"font-size: 19.442px;\"><br><\/span><\/div>\n<h5><span style=\"font-size: 19.442px;\"><b><u>Auditor\u00eda Financiera<\/u><\/b><\/span><\/h5>\n<div><span style=\"font-size: 19.442px;\"><b><u><br><\/u><\/b><\/span><\/div>\n<div><span style=\"font-size: 19.442px;\">Su objetivo es aumentar el grado de confianza de los usuarios en los estados financieros.<\/span><\/div>\n<div><span style=\"font-size: 19.442px;\">Esto se logra mediante la expresi\u00f3n, por parte del auditor, de una opini\u00f3n sobre si los estados financieros han sido preparados, en todos los aspectos materiales, de conformidad con un marco de informaci\u00f3n financiera aplicable.<\/span><\/div>\n<div><span style=\"font-size: 19.442px;\">Dicha opini\u00f3n se refiere a si los estados financieros expresan la imagen fiel o se presentan fielmente, en todos los aspectos materiales, de conformidad con el marco.<\/span><\/div>\n<div><span style=\"font-size: 19.442px;\">Una auditor\u00eda realizada de conformidad con las NIA-ES-SP y con los requerimientos de \u00e9tica aplicables permite al auditor formarse dicha opini\u00f3n.<\/span><\/div>\n<div><span style=\"font-size: 19.442px;\"><br><\/span><\/div>\n<div>\n<h5 style=\"\"><span style=\"font-size: 19.442px;\"><b><u>Auditor\u00eda Operativa<\/u><\/b><\/span><\/h5>\n<div style=\"\"><span style=\"font-size: 19.442px;\"><b><br><\/b><\/span><\/div>\n<div style=\"\"><span style=\"font-size: 19.442px;\">La auditor\u00eda operativa constituye un examen sistem\u00e1tico y objetivo a fin de proporcionar una valoraci\u00f3n independiente de las operaciones de una organizaci\u00f3n, programa, actividad o funci\u00f3n p\u00fablica, con la finalidad de evaluar el nivel de eficacia, eficiencia y econom\u00eda alcanzado por \u00e9sta en la utilizaci\u00f3n de los recursos disponibles, detectar sus posibles deficiencias y proponer a la direcci\u00f3n las recomendaciones oportunas en orden a la correcci\u00f3n de aqu\u00e9llas, de acuerdo con los principios generales de la buena gesti\u00f3n, facilitando la toma de decisiones a las personas con responsabilidades de vigilancia o capacidad de emprender acciones correctivas.<\/span><\/div>\n<\/div>\n<div style=\"\"><span style=\"font-size: 19.442px;\"><br><\/span><\/div>\n<div style=\"\">\n<p><span style=\"font-size: 19.442px;\"><\/span><\/p>\n<p><u style=\"\"><b>Auditor\u00eda de cumplimiento<\/b><\/u><\/p>\n<div>La auditor\u00eda de cumplimiento trata de verificar que los actos, operaciones y procedimientos de gesti\u00f3n se han desarrollado de conformidad con las normas, disposiciones y directrices que sean de aplicaci\u00f3n.<\/div>\n<div><u><br><\/u><\/div>\n<div>\n<h5><span style=\"font-size: 19.442px;\"><u style=\"\">Normas de auditor\u00eda<\/u><\/span><\/h5>\n<div><br><\/div>\n<div><span style=\"font-size: 19.442px;\">Auditor\u00eda financiera sector privado. Espa\u00f1a, a trav\u00e9s del ICAC (Instituto de Contabilidad y Auditor\u00eda de Cuentas), adopt\u00f3 en 2013 las Normas Internacionales de auditor\u00eda(NIA-ES).<\/span><\/div>\n<div><br><\/div>\n<div><span style=\"font-size: 19.442px;\">Auditor\u00eda financiera sector p\u00fablico. La oficina Nacional de Auditor\u00eda (ONA) de la IGAE, coordin\u00f3 las Normas Internacionales de auditor\u00eda para su aplicaci\u00f3n al sector p\u00fablico (NIA-ES-SP).<\/span><\/div>\n<div><span style=\"font-size: 19.442px;\">En cuanto a las normas de auditor\u00eda de cumplimiento y operativa para el sector p\u00fablico: Las ICEX (Instituciones de Control Externo) adaptan las International Standards of Supreme Audit Institutions), ISSAI-ES.<\/span><\/div>\n<\/div>\n<\/div>\n<\/div>\n<\/font><p><font color=\"#333333\"><\/font><\/p>\n<p><font color=\"#333333\"><\/font><\/p>\n<p><font color=\"#333333\"><\/font><\/p>\n<p><font color=\"#333333\"><\/font><\/p>\n<\/div>\n<ul class=\"wp-block-list\">\n<p><\/p>\n<\/ul>\n<p><!-- \/wp:list --><\/p>\t\t\t\t\t\t\t\t<\/div>\n\t\t\t\t<\/div>\n\t\t\t\t\t<\/div>\n\t\t\t\t<\/div>\n\t\t<div class=\"elementor-element elementor-element-261dcc6 e-flex e-con-boxed e-con e-parent\" data-id=\"261dcc6\" data-element_type=\"container\">\n\t\t\t\t\t<div class=\"e-con-inner\">\n\t\t\t\t<div class=\"elementor-element elementor-element-8f40230 elementor-widget__width-initial elementor-invisible elementor-widget elementor-widget-image\" data-id=\"8f40230\" data-element_type=\"widget\" data-settings=\"{&quot;_animation&quot;:&quot;bounceInUp&quot;}\" data-widget_type=\"image.default\">\n\t\t\t\t<div class=\"elementor-widget-container\">\n\t\t\t\t\t\t\t\t\t\t\t\t\t\t\t<img decoding=\"async\" width=\"768\" height=\"524\" src=\"https:\/\/cyatributos.es\/wp-content\/uploads\/2023\/10\/financial-3521844_1920-768x524.jpg\" class=\"attachment-medium_large size-medium_large wp-image-221\" alt=\"\" srcset=\"https:\/\/cyatributos.es\/wp-content\/uploads\/2023\/10\/financial-3521844_1920-768x524.jpg 768w, https:\/\/cyatributos.es\/wp-content\/uploads\/2023\/10\/financial-3521844_1920-300x205.jpg 300w, https:\/\/cyatributos.es\/wp-content\/uploads\/2023\/10\/financial-3521844_1920-1024x699.jpg 1024w, https:\/\/cyatributos.es\/wp-content\/uploads\/2023\/10\/financial-3521844_1920-1536x1049.jpg 1536w, https:\/\/cyatributos.es\/wp-content\/uploads\/2023\/10\/financial-3521844_1920-200x137.jpg 200w, https:\/\/cyatributos.es\/wp-content\/uploads\/2023\/10\/financial-3521844_1920.jpg 1920w\" sizes=\"(max-width: 768px) 100vw, 768px\" \/>\t\t\t\t\t\t\t\t\t\t\t\t\t\t\t<\/div>\n\t\t\t\t<\/div>\n\t\t\t\t\t<\/div>\n\t\t\t\t<\/div>\n\t\t\t\t<\/div>\n\t\t","protected":false},"excerpt":{"rendered":"<p>LA AUDITORIA EN ELSECTOR P\u00daBLICO El Tribunal de Cuentas (\u00d3rgano de control externo) realiza tres tipos de auditor\u00edas: fiscalizaci\u00f3n de cumplimiento, fiscalizaci\u00f3n financiera y fiscalizaci\u00f3n operativa o de gesti\u00f3n. La IGAE (\u00d3rgano de control interno estatal) realiza auditor\u00eda de regularidad contable, auditor\u00eda de cumplimiento y auditor\u00eda operativa. En consecuencia, tanto la auditor\u00eda realizada por el [&hellip;]<\/p>\n","protected":false},"author":1,"featured_media":0,"parent":0,"menu_order":0,"comment_status":"closed","ping_status":"closed","template":"","meta":{"om_disable_all_campaigns":false,"_monsterinsights_skip_tracking":false,"_monsterinsights_sitenote_active":false,"_monsterinsights_sitenote_note":"","_monsterinsights_sitenote_category":0,"_uf_show_specific_survey":0,"_uf_disable_surveys":false,"footnotes":""},"class_list":["post-184","page","type-page","status-publish","hentry"],"aioseo_notices":[],"_links":{"self":[{"href":"https:\/\/cyatributos.es\/index.php?rest_route=\/wp\/v2\/pages\/184","targetHints":{"allow":["GET"]}}],"collection":[{"href":"https:\/\/cyatributos.es\/index.php?rest_route=\/wp\/v2\/pages"}],"about":[{"href":"https:\/\/cyatributos.es\/index.php?rest_route=\/wp\/v2\/types\/page"}],"author":[{"embeddable":true,"href":"https:\/\/cyatributos.es\/index.php?rest_route=\/wp\/v2\/users\/1"}],"replies":[{"embeddable":true,"href":"https:\/\/cyatributos.es\/index.php?rest_route=%2Fwp%2Fv2%2Fcomments&post=184"}],"version-history":[{"count":9,"href":"https:\/\/cyatributos.es\/index.php?rest_route=\/wp\/v2\/pages\/184\/revisions"}],"predecessor-version":[{"id":313,"href":"https:\/\/cyatributos.es\/index.php?rest_route=\/wp\/v2\/pages\/184\/revisions\/313"}],"wp:attachment":[{"href":"https:\/\/cyatributos.es\/index.php?rest_route=%2Fwp%2Fv2%2Fmedia&parent=184"}],"curies":[{"name":"wp","href":"https:\/\/api.w.org\/{rel}","templated":true}]}}