{"id":146,"date":"2023-08-30T10:06:12","date_gmt":"2023-08-30T10:06:12","guid":{"rendered":"https:\/\/cyatributos.es\/?page_id=146"},"modified":"2023-10-19T06:50:46","modified_gmt":"2023-10-19T06:50:46","slug":"cooperativa","status":"publish","type":"page","link":"https:\/\/cyatributos.es\/?page_id=146","title":{"rendered":"Cooperativas:"},"content":{"rendered":"\t\t<div data-elementor-type=\"wp-page\" data-elementor-id=\"146\" class=\"elementor elementor-146\">\n\t\t\t\t<div class=\"elementor-element elementor-element-34e7b5cb e-con-full e-flex e-con e-parent\" data-id=\"34e7b5cb\" data-element_type=\"container\">\n\t\t\t\t<div class=\"elementor-element elementor-element-70ab3e7 elementor-widget__width-initial animated-slow elementor-invisible elementor-widget elementor-widget-image\" data-id=\"70ab3e7\" data-element_type=\"widget\" data-settings=\"{&quot;_animation&quot;:&quot;fadeIn&quot;}\" data-widget_type=\"image.default\">\n\t\t\t\t<div class=\"elementor-widget-container\">\n\t\t\t\t\t\t\t\t\t\t\t\t\t\t\t<img fetchpriority=\"high\" decoding=\"async\" width=\"1024\" height=\"514\" src=\"https:\/\/cyatributos.es\/wp-content\/uploads\/2023\/10\/tractor-1549621_1920-1024x514.jpg\" class=\"attachment-large size-large wp-image-228\" alt=\"\" srcset=\"https:\/\/cyatributos.es\/wp-content\/uploads\/2023\/10\/tractor-1549621_1920-1024x514.jpg 1024w, https:\/\/cyatributos.es\/wp-content\/uploads\/2023\/10\/tractor-1549621_1920-300x151.jpg 300w, https:\/\/cyatributos.es\/wp-content\/uploads\/2023\/10\/tractor-1549621_1920-768x386.jpg 768w, https:\/\/cyatributos.es\/wp-content\/uploads\/2023\/10\/tractor-1549621_1920-1536x771.jpg 1536w, https:\/\/cyatributos.es\/wp-content\/uploads\/2023\/10\/tractor-1549621_1920-200x100.jpg 200w, https:\/\/cyatributos.es\/wp-content\/uploads\/2023\/10\/tractor-1549621_1920.jpg 1920w\" sizes=\"(max-width: 1024px) 100vw, 1024px\" \/>\t\t\t\t\t\t\t\t\t\t\t\t\t\t\t<\/div>\n\t\t\t\t<\/div>\n\t\t\t\t<div class=\"elementor-element elementor-element-4e7086fe elementor-widget elementor-widget-text-editor\" data-id=\"4e7086fe\" data-element_type=\"widget\" data-widget_type=\"text-editor.default\">\n\t\t\t\t<div class=\"elementor-widget-container\">\n\t\t\t\t\t\t\t\t\t\n<p>La Ley 20\/1990, de R\u00e9gimen Fiscal de Cooperativas, en su art\u00edculo 33, establece una bonificaci\u00f3n del 95% de la cuota de Impuesto de Actividades Econ\u00f3micas (IAE)para las cooperativas<\/p>\n\n\n\n<p>La norma estipula que los ayuntamientos \u201ccomunicar\u00e1n anualmente a la Direcci\u00f3n General de Coordinaci\u00f3n con las Haciendas Territoriales del Ministerio de Econom\u00eda y Hacienda la relaci\u00f3n de cooperativas que hayan disfrutado efectivamente de estas bonificaciones y el importe total del gasto fiscal soportado\u201d.<\/p>\n\n\n\n<p>Sobre estos datos, los municipios recibir\u00e1n las compensaciones que procedan con cargo a los Presupuestos Generales del Estado.<\/p>\n\t\t\t\t\t\t\t\t<\/div>\n\t\t\t\t<\/div>\n\t\t\t\t<div class=\"elementor-element elementor-element-607cee8 elementor-widget__width-initial elementor-invisible elementor-widget elementor-widget-image\" data-id=\"607cee8\" data-element_type=\"widget\" data-settings=\"{&quot;_animation&quot;:&quot;slideInUp&quot;}\" data-widget_type=\"image.default\">\n\t\t\t\t<div class=\"elementor-widget-container\">\n\t\t\t\t\t\t\t\t\t\t\t\t\t\t\t<img decoding=\"async\" width=\"1024\" height=\"554\" src=\"https:\/\/cyatributos.es\/wp-content\/uploads\/2023\/10\/building-5537321_1920-1024x554.jpg\" class=\"attachment-large size-large wp-image-230\" alt=\"\" srcset=\"https:\/\/cyatributos.es\/wp-content\/uploads\/2023\/10\/building-5537321_1920-1024x554.jpg 1024w, https:\/\/cyatributos.es\/wp-content\/uploads\/2023\/10\/building-5537321_1920-300x162.jpg 300w, https:\/\/cyatributos.es\/wp-content\/uploads\/2023\/10\/building-5537321_1920-768x415.jpg 768w, https:\/\/cyatributos.es\/wp-content\/uploads\/2023\/10\/building-5537321_1920-1536x830.jpg 1536w, https:\/\/cyatributos.es\/wp-content\/uploads\/2023\/10\/building-5537321_1920-200x108.jpg 200w, https:\/\/cyatributos.es\/wp-content\/uploads\/2023\/10\/building-5537321_1920.jpg 1920w\" sizes=\"(max-width: 1024px) 100vw, 1024px\" \/>\t\t\t\t\t\t\t\t\t\t\t\t\t\t\t<\/div>\n\t\t\t\t<\/div>\n\t\t\t\t<\/div>\n\t\t<div class=\"elementor-element elementor-element-82c3361 e-flex e-con-boxed e-con e-parent\" data-id=\"82c3361\" data-element_type=\"container\">\n\t\t\t\t\t<div class=\"e-con-inner\">\n\t\t\t\t\t<\/div>\n\t\t\t\t<\/div>\n\t\t\t\t<\/div>\n\t\t","protected":false},"excerpt":{"rendered":"<p>La Ley 20\/1990, de R\u00e9gimen Fiscal de Cooperativas, en su art\u00edculo 33, establece una bonificaci\u00f3n del 95% de la cuota de Impuesto de Actividades Econ\u00f3micas (IAE)para las cooperativas La norma estipula que los ayuntamientos \u201ccomunicar\u00e1n anualmente a la Direcci\u00f3n General de Coordinaci\u00f3n con las Haciendas Territoriales del Ministerio de Econom\u00eda y Hacienda la relaci\u00f3n de [&hellip;]<\/p>\n","protected":false},"author":1,"featured_media":0,"parent":0,"menu_order":0,"comment_status":"closed","ping_status":"closed","template":"","meta":{"om_disable_all_campaigns":false,"_monsterinsights_skip_tracking":false,"_monsterinsights_sitenote_active":false,"_monsterinsights_sitenote_note":"","_monsterinsights_sitenote_category":0,"_uf_show_specific_survey":0,"_uf_disable_surveys":false,"footnotes":""},"class_list":["post-146","page","type-page","status-publish","hentry"],"aioseo_notices":[],"_links":{"self":[{"href":"https:\/\/cyatributos.es\/index.php?rest_route=\/wp\/v2\/pages\/146","targetHints":{"allow":["GET"]}}],"collection":[{"href":"https:\/\/cyatributos.es\/index.php?rest_route=\/wp\/v2\/pages"}],"about":[{"href":"https:\/\/cyatributos.es\/index.php?rest_route=\/wp\/v2\/types\/page"}],"author":[{"embeddable":true,"href":"https:\/\/cyatributos.es\/index.php?rest_route=\/wp\/v2\/users\/1"}],"replies":[{"embeddable":true,"href":"https:\/\/cyatributos.es\/index.php?rest_route=%2Fwp%2Fv2%2Fcomments&post=146"}],"version-history":[{"count":6,"href":"https:\/\/cyatributos.es\/index.php?rest_route=\/wp\/v2\/pages\/146\/revisions"}],"predecessor-version":[{"id":257,"href":"https:\/\/cyatributos.es\/index.php?rest_route=\/wp\/v2\/pages\/146\/revisions\/257"}],"wp:attachment":[{"href":"https:\/\/cyatributos.es\/index.php?rest_route=%2Fwp%2Fv2%2Fmedia&parent=146"}],"curies":[{"name":"wp","href":"https:\/\/api.w.org\/{rel}","templated":true}]}}