{"id":144,"date":"2023-08-30T10:05:32","date_gmt":"2023-08-30T10:05:32","guid":{"rendered":"https:\/\/cyatributos.es\/?page_id=144"},"modified":"2023-10-19T06:43:52","modified_gmt":"2023-10-19T06:43:52","slug":"reclamacion-ibi","status":"publish","type":"page","link":"https:\/\/cyatributos.es\/?page_id=144","title":{"rendered":"Reclamaci\u00f3n IBI"},"content":{"rendered":"\t\t<div data-elementor-type=\"wp-page\" data-elementor-id=\"144\" class=\"elementor elementor-144\">\n\t\t\t\t<div class=\"elementor-element elementor-element-50a9cd95 e-con-full e-flex e-con e-parent\" data-id=\"50a9cd95\" data-element_type=\"container\">\n\t\t\t\t<div class=\"elementor-element elementor-element-f7f2ecd animated-slow e-transform elementor-invisible elementor-widget elementor-widget-image\" data-id=\"f7f2ecd\" data-element_type=\"widget\" data-settings=\"{&quot;_animation&quot;:&quot;fadeIn&quot;,&quot;_transform_scale_effect&quot;:{&quot;unit&quot;:&quot;px&quot;,&quot;size&quot;:1.3,&quot;sizes&quot;:[]},&quot;_transform_scale_effect_tablet&quot;:{&quot;unit&quot;:&quot;px&quot;,&quot;size&quot;:&quot;&quot;,&quot;sizes&quot;:[]},&quot;_transform_scale_effect_mobile&quot;:{&quot;unit&quot;:&quot;px&quot;,&quot;size&quot;:&quot;&quot;,&quot;sizes&quot;:[]}}\" data-widget_type=\"image.default\">\n\t\t\t\t<div class=\"elementor-widget-container\">\n\t\t\t\t\t\t\t\t\t\t\t\t\t\t\t<img fetchpriority=\"high\" decoding=\"async\" width=\"300\" height=\"225\" src=\"https:\/\/cyatributos.es\/wp-content\/uploads\/2023\/10\/school-405839_1920-300x225.jpg\" class=\"attachment-medium size-medium wp-image-224\" alt=\"\" srcset=\"https:\/\/cyatributos.es\/wp-content\/uploads\/2023\/10\/school-405839_1920-300x225.jpg 300w, https:\/\/cyatributos.es\/wp-content\/uploads\/2023\/10\/school-405839_1920-1024x768.jpg 1024w, https:\/\/cyatributos.es\/wp-content\/uploads\/2023\/10\/school-405839_1920-768x576.jpg 768w, https:\/\/cyatributos.es\/wp-content\/uploads\/2023\/10\/school-405839_1920-1536x1152.jpg 1536w, https:\/\/cyatributos.es\/wp-content\/uploads\/2023\/10\/school-405839_1920-200x150.jpg 200w, https:\/\/cyatributos.es\/wp-content\/uploads\/2023\/10\/school-405839_1920.jpg 1920w\" sizes=\"(max-width: 300px) 100vw, 300px\" \/>\t\t\t\t\t\t\t\t\t\t\t\t\t\t\t<\/div>\n\t\t\t\t<\/div>\n\t\t\t\t<div class=\"elementor-element elementor-element-4f193cb8 elementor-widget elementor-widget-text-editor\" data-id=\"4f193cb8\" data-element_type=\"widget\" data-widget_type=\"text-editor.default\">\n\t\t\t\t<div class=\"elementor-widget-container\">\n\t\t\t\t\t\t\t\t\t\n<p>La Ley Reguladora de las Haciendas Locales otorga el derecho a la exenci\u00f3n del IBI a \u201clos bienes inmuebles que se destinen a la ense\u00f1anza por centros docentes acogidos, total o parcialmente, al r\u00e9gimen de concierto educativo, en cuanto a la superficie afectada a la ense\u00f1anza concertada\u201d.<\/p>\n\n\n\n<p>La normativa establece que son las entidades educativas quienes deben solicitarla y, a su vez, reconoce a los Ayuntamientos el derecho a ser compensados por dicha exenci\u00f3n. Ahora bien, esta devoluci\u00f3n no se realiza de oficio, sino que corresponde a la administraci\u00f3n local iniciar los tr\u00e1mites para recibirla.<\/p>\n\n\n\n<p>Hay municipios donde la comunidad aut\u00f3noma, diputaciones y dem\u00e1s, se encarga de dicha recaudaci\u00f3n, pero en muchas provincias no se hace.<\/p>\n\n\n\n<p>En C&amp;A Tributos contamos&nbsp;con un servicio para la gesti\u00f3n de la compensaci\u00f3n por la exenci\u00f3n del IBI a los colegios concertados ubicados en su municipio.<\/p>\n\n\n\n<p>Nuestros t\u00e9cnicos se encargar\u00edan de todo el proceso y, solo cuando los ingresos sean efectivos, C&amp;A Tributos cobrar\u00e1 un porcentaje por la tarea desarrollada.<\/p>\n\t\t\t\t\t\t\t\t<\/div>\n\t\t\t\t<\/div>\n\t\t\t\t<\/div>\n\t\t<div class=\"elementor-element elementor-element-2bf12ab e-con-full animated-slow e-flex elementor-invisible e-con e-parent\" data-id=\"2bf12ab\" data-element_type=\"container\" data-settings=\"{&quot;animation&quot;:&quot;bounceInRight&quot;}\">\n\t\t\t\t<div class=\"elementor-element elementor-element-c3f3329 elementor-widget elementor-widget-image\" data-id=\"c3f3329\" data-element_type=\"widget\" data-widget_type=\"image.default\">\n\t\t\t\t<div class=\"elementor-widget-container\">\n\t\t\t\t\t\t\t\t\t\t\t\t\t\t\t<img decoding=\"async\" width=\"1024\" height=\"683\" src=\"https:\/\/cyatributos.es\/wp-content\/uploads\/2023\/10\/school-5198790_1920-1024x683.jpg\" class=\"attachment-large size-large wp-image-225\" alt=\"\" srcset=\"https:\/\/cyatributos.es\/wp-content\/uploads\/2023\/10\/school-5198790_1920-1024x683.jpg 1024w, https:\/\/cyatributos.es\/wp-content\/uploads\/2023\/10\/school-5198790_1920-300x200.jpg 300w, https:\/\/cyatributos.es\/wp-content\/uploads\/2023\/10\/school-5198790_1920-768x512.jpg 768w, https:\/\/cyatributos.es\/wp-content\/uploads\/2023\/10\/school-5198790_1920-1536x1024.jpg 1536w, https:\/\/cyatributos.es\/wp-content\/uploads\/2023\/10\/school-5198790_1920-200x133.jpg 200w, https:\/\/cyatributos.es\/wp-content\/uploads\/2023\/10\/school-5198790_1920.jpg 1920w\" sizes=\"(max-width: 1024px) 100vw, 1024px\" \/>\t\t\t\t\t\t\t\t\t\t\t\t\t\t\t<\/div>\n\t\t\t\t<\/div>\n\t\t\t\t<\/div>\n\t\t\t\t<\/div>\n\t\t","protected":false},"excerpt":{"rendered":"<p>La Ley Reguladora de las Haciendas Locales otorga el derecho a la exenci\u00f3n del IBI a \u201clos bienes inmuebles que se destinen a la ense\u00f1anza por centros docentes acogidos, total o parcialmente, al r\u00e9gimen de concierto educativo, en cuanto a la superficie afectada a la ense\u00f1anza concertada\u201d. La normativa establece que son las entidades educativas [&hellip;]<\/p>\n","protected":false},"author":1,"featured_media":0,"parent":0,"menu_order":0,"comment_status":"closed","ping_status":"closed","template":"","meta":{"om_disable_all_campaigns":false,"_monsterinsights_skip_tracking":false,"_monsterinsights_sitenote_active":false,"_monsterinsights_sitenote_note":"","_monsterinsights_sitenote_category":0,"_uf_show_specific_survey":0,"_uf_disable_surveys":false,"footnotes":""},"class_list":["post-144","page","type-page","status-publish","hentry"],"aioseo_notices":[],"_links":{"self":[{"href":"https:\/\/cyatributos.es\/index.php?rest_route=\/wp\/v2\/pages\/144","targetHints":{"allow":["GET"]}}],"collection":[{"href":"https:\/\/cyatributos.es\/index.php?rest_route=\/wp\/v2\/pages"}],"about":[{"href":"https:\/\/cyatributos.es\/index.php?rest_route=\/wp\/v2\/types\/page"}],"author":[{"embeddable":true,"href":"https:\/\/cyatributos.es\/index.php?rest_route=\/wp\/v2\/users\/1"}],"replies":[{"embeddable":true,"href":"https:\/\/cyatributos.es\/index.php?rest_route=%2Fwp%2Fv2%2Fcomments&post=144"}],"version-history":[{"count":6,"href":"https:\/\/cyatributos.es\/index.php?rest_route=\/wp\/v2\/pages\/144\/revisions"}],"predecessor-version":[{"id":253,"href":"https:\/\/cyatributos.es\/index.php?rest_route=\/wp\/v2\/pages\/144\/revisions\/253"}],"wp:attachment":[{"href":"https:\/\/cyatributos.es\/index.php?rest_route=%2Fwp%2Fv2%2Fmedia&parent=144"}],"curies":[{"name":"wp","href":"https:\/\/api.w.org\/{rel}","templated":true}]}}