{"id":142,"date":"2023-08-30T10:04:47","date_gmt":"2023-08-30T10:04:47","guid":{"rendered":"https:\/\/cyatributos.es\/?page_id=142"},"modified":"2023-10-19T11:25:52","modified_gmt":"2023-10-19T11:25:52","slug":"reclamaciones-de-ingresos","status":"publish","type":"page","link":"https:\/\/cyatributos.es\/?page_id=142","title":{"rendered":"OBTENCION DE MAYORES INGRESOS TASA 1,5%"},"content":{"rendered":"\t\t<div data-elementor-type=\"wp-page\" data-elementor-id=\"142\" class=\"elementor elementor-142\">\n\t\t\t\t<div class=\"elementor-element elementor-element-56ed5faf e-flex e-con-boxed e-con e-parent\" data-id=\"56ed5faf\" data-element_type=\"container\">\n\t\t\t\t\t<div class=\"e-con-inner\">\n\t\t\t\t<div class=\"elementor-element elementor-element-53431df elementor-widget__width-initial animated-slow elementor-invisible elementor-widget elementor-widget-image\" data-id=\"53431df\" data-element_type=\"widget\" data-settings=\"{&quot;_animation&quot;:&quot;fadeIn&quot;}\" data-widget_type=\"image.default\">\n\t\t\t\t<div class=\"elementor-widget-container\">\n\t\t\t\t\t\t\t\t\t\t\t\t\t\t\t<img fetchpriority=\"high\" decoding=\"async\" width=\"1024\" height=\"607\" src=\"https:\/\/cyatributos.es\/wp-content\/uploads\/2023\/08\/save-up-3451199-1024x607.jpg\" class=\"attachment-large size-large wp-image-105\" alt=\"\" srcset=\"https:\/\/cyatributos.es\/wp-content\/uploads\/2023\/08\/save-up-3451199-1024x607.jpg 1024w, https:\/\/cyatributos.es\/wp-content\/uploads\/2023\/08\/save-up-3451199-300x178.jpg 300w, https:\/\/cyatributos.es\/wp-content\/uploads\/2023\/08\/save-up-3451199-768x455.jpg 768w, https:\/\/cyatributos.es\/wp-content\/uploads\/2023\/08\/save-up-3451199-1536x911.jpg 1536w, https:\/\/cyatributos.es\/wp-content\/uploads\/2023\/08\/save-up-3451199-2048x1215.jpg 2048w, https:\/\/cyatributos.es\/wp-content\/uploads\/2023\/08\/save-up-3451199-200x119.jpg 200w\" sizes=\"(max-width: 1024px) 100vw, 1024px\" \/>\t\t\t\t\t\t\t\t\t\t\t\t\t\t\t<\/div>\n\t\t\t\t<\/div>\n\t\t\t\t<div class=\"elementor-element elementor-element-786b1f79 elementor-widget elementor-widget-text-editor\" data-id=\"786b1f79\" data-element_type=\"widget\" data-widget_type=\"text-editor.default\">\n\t\t\t\t<div class=\"elementor-widget-container\">\n\t\t\t\t\t\t\t\t\t<p><\/p>\n<p><strong>\u00bfQU\u00c9 ES LA TASA DEL 1.5%?<\/strong><strong><\/strong><\/p>\n<p><\/p>\n<p><\/p>\n<p>La Tasa del 1.5% es la tasa que cobran los Ayuntamientos, por la utilizaci\u00f3n privativa o aprovechamientos especiales constituidos en el suelo, subsuelo o vuelo de las v\u00edas p\u00fablicas municipales. Solo pagan dicha tasa, algunas compa\u00f1\u00edas el\u00e9ctricas, ya que si el ayuntamiento no reclama no se liquidan.<\/p>\n<p><\/p>\n<p><\/p>\n<p>Muchas veces, el dinero que perciben los ayuntamientos, no corresponden con lo que realmente deben ingresar.<\/p>\n<p><\/p>\n<p><\/p>\n<p>Os ayudamos a reclamar los \u00faltimos 4 a\u00f1os para que luego las compa\u00f1\u00edas comercializadoras ingresen el importe recurrentemente.<\/p>\n<p><\/p>\n<p><\/p>\n<p>Dicha tasa, Est\u00e1 regulada en los art\u00edculos 20 a 27 del&nbsp;<a href=\"https:\/\/www.boe.es\/eli\/es\/rdlg\/2004\/03\/05\/2\/con\" target=\"_blank\" rel=\"noreferrer noopener\">Real Decreto Legislativo 2\/2004, de 5 de marzo<\/a>, por el que se aprueba el Texto refundido de la Ley Reguladora de las Haciendas Locales (TRLRHL).<\/p>\n<p><\/p>\n<p><\/p>\n<p><strong>\u00bfQui\u00e9nes son los obligados tributarios?<\/strong><\/p>\n<p><\/p>\n<p><\/p>\n<p>Son las personas f\u00edsicas y jur\u00eddicas, as\u00ed como las entidades a que se refiere el art\u00edculo 35.4 de la Ley General Tributaria, titulares de las empresas explotadoras de servicios de suministros, con independencia del car\u00e1cter p\u00fablico o privado de las mismas, tanto si son titulares de las correspondientes redes a trav\u00e9s de las cuales se efect\u00faen los suministros, como si no siendo titulares de dichas redes, lo son de derechos de uso, acceso o interconexi\u00f3n de las mismas.<\/p>\n<p><\/p>\n<p><\/p>\n<p>A estos efectos, se incluir\u00e1n entre las empresas explotadoras de dichos servicios las empresas distribuidoras y comercializadoras de los mismos.<\/p>\n<p><\/p>\n<p><\/p>\n<p>Se incluir\u00e1n las empresas de los siguientes suministros:<\/p>\n<p><\/p>\n<p><\/p>\n<p>\u2022&nbsp;Electricidad<\/p>\n<p><\/p>\n<p><\/p>\n<p>\u2022&nbsp;Gas<\/p>\n<p><\/p>\n<p><\/p>\n<p>\u2022&nbsp;Agua<\/p>\n<p><\/p>\n<p><\/p>\n<p>\u2022&nbsp;Telecomunicaciones<\/p>\n<p><\/p>\n<p><\/p>\n<p>La Tasa que las compa\u00f1\u00edas suministradoras deben abonar al Ayuntamiento, corresponde al 1,5% de la base imponible.<\/p>\n<p><\/p>\n<p><\/p>\n<p>Respecto al periodo impositivo, devengo y obligaciones formales relativas a esta tasa, se estar\u00e1 a lo dispuesto en cada ordenanza municipal.<\/p>\n<p><\/p>\t\t\t\t\t\t\t\t<\/div>\n\t\t\t\t<\/div>\n\t\t\t\t\t<\/div>\n\t\t\t\t<\/div>\n\t\t<div class=\"elementor-element elementor-element-0f416ac e-flex e-con-boxed e-con e-parent\" data-id=\"0f416ac\" data-element_type=\"container\">\n\t\t\t\t\t<div class=\"e-con-inner\">\n\t\t\t\t<div class=\"elementor-element elementor-element-bbb0741 elementor-widget__width-initial elementor-invisible elementor-widget elementor-widget-image\" data-id=\"bbb0741\" data-element_type=\"widget\" data-settings=\"{&quot;_animation&quot;:&quot;rotateInDownRight&quot;}\" data-widget_type=\"image.default\">\n\t\t\t\t<div class=\"elementor-widget-container\">\n\t\t\t\t\t\t\t\t\t\t\t\t\t\t\t<img decoding=\"async\" width=\"1024\" height=\"683\" src=\"https:\/\/cyatributos.es\/wp-content\/uploads\/2023\/08\/electricity-4666566-1024x683.jpg\" class=\"attachment-large size-large wp-image-109\" alt=\"\" srcset=\"https:\/\/cyatributos.es\/wp-content\/uploads\/2023\/08\/electricity-4666566-1024x683.jpg 1024w, https:\/\/cyatributos.es\/wp-content\/uploads\/2023\/08\/electricity-4666566-300x200.jpg 300w, https:\/\/cyatributos.es\/wp-content\/uploads\/2023\/08\/electricity-4666566-768x512.jpg 768w, https:\/\/cyatributos.es\/wp-content\/uploads\/2023\/08\/electricity-4666566-1536x1024.jpg 1536w, https:\/\/cyatributos.es\/wp-content\/uploads\/2023\/08\/electricity-4666566-2048x1365.jpg 2048w, https:\/\/cyatributos.es\/wp-content\/uploads\/2023\/08\/electricity-4666566-200x133.jpg 200w\" sizes=\"(max-width: 1024px) 100vw, 1024px\" \/>\t\t\t\t\t\t\t\t\t\t\t\t\t\t\t<\/div>\n\t\t\t\t<\/div>\n\t\t\t\t\t<\/div>\n\t\t\t\t<\/div>\n\t\t\t\t<\/div>\n\t\t","protected":false},"excerpt":{"rendered":"<p>\u00bfQU\u00c9 ES LA TASA DEL 1.5%? La Tasa del 1.5% es la tasa que cobran los Ayuntamientos, por la utilizaci\u00f3n privativa o aprovechamientos especiales constituidos en el suelo, subsuelo o vuelo de las v\u00edas p\u00fablicas municipales. Solo pagan dicha tasa, algunas compa\u00f1\u00edas el\u00e9ctricas, ya que si el ayuntamiento no reclama no se liquidan. Muchas veces, [&hellip;]<\/p>\n","protected":false},"author":1,"featured_media":0,"parent":0,"menu_order":0,"comment_status":"closed","ping_status":"closed","template":"","meta":{"om_disable_all_campaigns":false,"_monsterinsights_skip_tracking":false,"_monsterinsights_sitenote_active":false,"_monsterinsights_sitenote_note":"","_monsterinsights_sitenote_category":0,"_uf_show_specific_survey":0,"_uf_disable_surveys":false,"footnotes":""},"class_list":["post-142","page","type-page","status-publish","hentry"],"aioseo_notices":[],"_links":{"self":[{"href":"https:\/\/cyatributos.es\/index.php?rest_route=\/wp\/v2\/pages\/142","targetHints":{"allow":["GET"]}}],"collection":[{"href":"https:\/\/cyatributos.es\/index.php?rest_route=\/wp\/v2\/pages"}],"about":[{"href":"https:\/\/cyatributos.es\/index.php?rest_route=\/wp\/v2\/types\/page"}],"author":[{"embeddable":true,"href":"https:\/\/cyatributos.es\/index.php?rest_route=\/wp\/v2\/users\/1"}],"replies":[{"embeddable":true,"href":"https:\/\/cyatributos.es\/index.php?rest_route=%2Fwp%2Fv2%2Fcomments&post=142"}],"version-history":[{"count":9,"href":"https:\/\/cyatributos.es\/index.php?rest_route=\/wp\/v2\/pages\/142\/revisions"}],"predecessor-version":[{"id":290,"href":"https:\/\/cyatributos.es\/index.php?rest_route=\/wp\/v2\/pages\/142\/revisions\/290"}],"wp:attachment":[{"href":"https:\/\/cyatributos.es\/index.php?rest_route=%2Fwp%2Fv2%2Fmedia&parent=142"}],"curies":[{"name":"wp","href":"https:\/\/api.w.org\/{rel}","templated":true}]}}