{"id":137,"date":"2023-08-30T10:00:07","date_gmt":"2023-08-30T10:00:07","guid":{"rendered":"https:\/\/cyatributos.es\/?page_id=137"},"modified":"2023-10-30T11:35:33","modified_gmt":"2023-10-30T11:35:33","slug":"fotovoltaica","status":"publish","type":"page","link":"https:\/\/cyatributos.es\/?page_id=137","title":{"rendered":"Instalaciones e\u00f3licas y fotovoltaicas en tu municipio"},"content":{"rendered":"\t\t<div data-elementor-type=\"wp-page\" data-elementor-id=\"137\" class=\"elementor elementor-137\">\n\t\t\t\t<div class=\"elementor-element elementor-element-b10e823 e-con-full e-flex e-con e-parent\" data-id=\"b10e823\" data-element_type=\"container\">\n\t\t\t\t<div class=\"elementor-element elementor-element-96151d8 elementor-widget__width-initial animated-slow elementor-invisible elementor-widget elementor-widget-image\" data-id=\"96151d8\" data-element_type=\"widget\" data-settings=\"{&quot;_animation&quot;:&quot;fadeIn&quot;,&quot;_animation_delay&quot;:1000}\" data-widget_type=\"image.default\">\n\t\t\t\t<div class=\"elementor-widget-container\">\n\t\t\t\t\t\t\t\t\t\t\t\t\t\t\t<img fetchpriority=\"high\" decoding=\"async\" width=\"1024\" height=\"677\" src=\"https:\/\/cyatributos.es\/wp-content\/uploads\/2023\/10\/windmills-1838788_1920-1024x677.jpg\" class=\"attachment-large size-large wp-image-216\" alt=\"\" srcset=\"https:\/\/cyatributos.es\/wp-content\/uploads\/2023\/10\/windmills-1838788_1920-1024x677.jpg 1024w, https:\/\/cyatributos.es\/wp-content\/uploads\/2023\/10\/windmills-1838788_1920-300x198.jpg 300w, https:\/\/cyatributos.es\/wp-content\/uploads\/2023\/10\/windmills-1838788_1920-768x508.jpg 768w, https:\/\/cyatributos.es\/wp-content\/uploads\/2023\/10\/windmills-1838788_1920-1536x1015.jpg 1536w, https:\/\/cyatributos.es\/wp-content\/uploads\/2023\/10\/windmills-1838788_1920-200x132.jpg 200w, https:\/\/cyatributos.es\/wp-content\/uploads\/2023\/10\/windmills-1838788_1920.jpg 1920w\" sizes=\"(max-width: 1024px) 100vw, 1024px\" \/>\t\t\t\t\t\t\t\t\t\t\t\t\t\t\t<\/div>\n\t\t\t\t<\/div>\n\t\t\t\t<div class=\"elementor-element elementor-element-4ded260 elementor-widget elementor-widget-text-editor\" data-id=\"4ded260\" data-element_type=\"widget\" data-widget_type=\"text-editor.default\">\n\t\t\t\t<div class=\"elementor-widget-container\">\n\t\t\t\t\t\t\t\t\t<p><\/p>\n<p><strong>Estudio de tributos<\/strong><\/p>\n<p><\/p>\n<p><\/p>\n<p>Nuestro equipo estudia su sistema tributario, prestando especial atenci\u00f3n al Impuesto sobre Actividades Econ\u00f3micas (IAE), Impuesto sobre Construcciones, Instalaciones y Obras (ICIO), la Tasa por Ocupaci\u00f3n del Suelo, Vuelo y Subsuelo y la fiscalidad relacionada con las energ\u00edas renovables.<\/p>\n<p><\/p>\n<p><\/p>\n<p><\/p>\n<p><strong>Asistencia Personalizada<\/strong><\/p>\n<p><\/p>\n<p><\/p>\n<p>Nuestro equipo t\u00e9cnico y jur\u00eddico acompa\u00f1ar\u00e1 al ayuntamiento en las reuniones con las empresas instaladoras y asesorar\u00e1 en la fiscalidad del dinero recaudado en estas grandes inversiones.<\/p>\n<p><\/p>\n<p><\/p>\t\t\t\t\t\t\t\t<\/div>\n\t\t\t\t<\/div>\n\t\t\t\t<\/div>\n\t\t<div class=\"elementor-element elementor-element-884cb7d e-con-full e-flex e-con e-parent\" data-id=\"884cb7d\" data-element_type=\"container\">\n\t\t\t\t<div class=\"elementor-element elementor-element-8ecebc2 animated-slow elementor-invisible elementor-widget elementor-widget-image\" data-id=\"8ecebc2\" data-element_type=\"widget\" data-settings=\"{&quot;_animation&quot;:&quot;fadeInRight&quot;}\" data-widget_type=\"image.default\">\n\t\t\t\t<div class=\"elementor-widget-container\">\n\t\t\t\t\t\t\t\t\t\t\t\t\t\t\t<img decoding=\"async\" width=\"768\" height=\"492\" src=\"https:\/\/cyatributos.es\/wp-content\/uploads\/2023\/10\/photovoltaic-system-2742302_1920-768x492.jpg\" class=\"attachment-medium_large size-medium_large wp-image-235\" alt=\"\" srcset=\"https:\/\/cyatributos.es\/wp-content\/uploads\/2023\/10\/photovoltaic-system-2742302_1920-768x492.jpg 768w, https:\/\/cyatributos.es\/wp-content\/uploads\/2023\/10\/photovoltaic-system-2742302_1920-300x192.jpg 300w, https:\/\/cyatributos.es\/wp-content\/uploads\/2023\/10\/photovoltaic-system-2742302_1920-1024x657.jpg 1024w, https:\/\/cyatributos.es\/wp-content\/uploads\/2023\/10\/photovoltaic-system-2742302_1920-1536x985.jpg 1536w, https:\/\/cyatributos.es\/wp-content\/uploads\/2023\/10\/photovoltaic-system-2742302_1920-200x128.jpg 200w, https:\/\/cyatributos.es\/wp-content\/uploads\/2023\/10\/photovoltaic-system-2742302_1920.jpg 1920w\" sizes=\"(max-width: 768px) 100vw, 768px\" \/>\t\t\t\t\t\t\t\t\t\t\t\t\t\t\t<\/div>\n\t\t\t\t<\/div>\n\t\t\t\t<\/div>\n\t\t<div class=\"elementor-element elementor-element-4bccbd7 e-flex e-con-boxed e-con e-parent\" data-id=\"4bccbd7\" data-element_type=\"container\">\n\t\t\t\t\t<div class=\"e-con-inner\">\n\t\t\t\t\t<\/div>\n\t\t\t\t<\/div>\n\t\t\t\t<\/div>\n\t\t","protected":false},"excerpt":{"rendered":"<p>Estudio de tributos Nuestro equipo estudia su sistema tributario, prestando especial atenci\u00f3n al Impuesto sobre Actividades Econ\u00f3micas (IAE), Impuesto sobre Construcciones, Instalaciones y Obras (ICIO), la Tasa por Ocupaci\u00f3n del Suelo, Vuelo y Subsuelo y la fiscalidad relacionada con las energ\u00edas renovables. Asistencia Personalizada Nuestro equipo t\u00e9cnico y jur\u00eddico acompa\u00f1ar\u00e1 al ayuntamiento en las reuniones [&hellip;]<\/p>\n","protected":false},"author":1,"featured_media":0,"parent":0,"menu_order":0,"comment_status":"closed","ping_status":"closed","template":"","meta":{"om_disable_all_campaigns":false,"_monsterinsights_skip_tracking":false,"_monsterinsights_sitenote_active":false,"_monsterinsights_sitenote_note":"","_monsterinsights_sitenote_category":0,"_uf_show_specific_survey":0,"_uf_disable_surveys":false,"footnotes":""},"class_list":["post-137","page","type-page","status-publish","hentry"],"aioseo_notices":[],"_links":{"self":[{"href":"https:\/\/cyatributos.es\/index.php?rest_route=\/wp\/v2\/pages\/137","targetHints":{"allow":["GET"]}}],"collection":[{"href":"https:\/\/cyatributos.es\/index.php?rest_route=\/wp\/v2\/pages"}],"about":[{"href":"https:\/\/cyatributos.es\/index.php?rest_route=\/wp\/v2\/types\/page"}],"author":[{"embeddable":true,"href":"https:\/\/cyatributos.es\/index.php?rest_route=\/wp\/v2\/users\/1"}],"replies":[{"embeddable":true,"href":"https:\/\/cyatributos.es\/index.php?rest_route=%2Fwp%2Fv2%2Fcomments&post=137"}],"version-history":[{"count":18,"href":"https:\/\/cyatributos.es\/index.php?rest_route=\/wp\/v2\/pages\/137\/revisions"}],"predecessor-version":[{"id":334,"href":"https:\/\/cyatributos.es\/index.php?rest_route=\/wp\/v2\/pages\/137\/revisions\/334"}],"wp:attachment":[{"href":"https:\/\/cyatributos.es\/index.php?rest_route=%2Fwp%2Fv2%2Fmedia&parent=137"}],"curies":[{"name":"wp","href":"https:\/\/api.w.org\/{rel}","templated":true}]}}